{"id":2320,"date":"2024-10-19T18:53:07","date_gmt":"2024-10-19T18:53:07","guid":{"rendered":"https:\/\/mexikoresor.se\/about-2\/"},"modified":"2026-01-08T21:12:38","modified_gmt":"2026-01-08T21:12:38","slug":"about-us","status":"publish","type":"page","link":"https:\/\/mexikoresor.se\/sv\/about-us\/","title":{"rendered":"Om oss"},"content":{"rendered":"<div data-elementor-type=\"wp-page\" data-elementor-id=\"2320\" class=\"elementor elementor-2320\">\n\t\t\t\t<div class=\"elementor-element elementor-element-dcfb448 e-flex e-con-boxed e-con e-parent\" data-id=\"dcfb448\" data-element_type=\"container\" data-e-type=\"container\" data-settings=\"{&quot;background_background&quot;:&quot;classic&quot;}\">\n\t\t\t\t\t<div class=\"e-con-inner\">\n\t\t<div class=\"elementor-element elementor-element-d21b7e0 e-flex e-con-boxed e-con e-child\" data-id=\"d21b7e0\" data-element_type=\"container\" data-e-type=\"container\">\n\t\t\t\t\t<div class=\"e-con-inner\">\n\t\t\t\t<div class=\"elementor-element elementor-element-e9fd9dc elementor-widget elementor-widget-heading\" data-id=\"e9fd9dc\" data-element_type=\"widget\" data-e-type=\"widget\" data-widget_type=\"heading.default\">\n\t\t\t\t<div class=\"elementor-widget-container\">\n\t\t\t\t\t<h1 class=\"elementor-heading-title elementor-size-default\">OM OSS<\/h1>\t\t\t\t<\/div>\n\t\t\t\t<\/div>\n\t\t\t\t\t<\/div>\n\t\t\t\t<\/div>\n\t\t\t\t\t<\/div>\n\t\t\t\t<\/div>\n\t\t<div class=\"elementor-element elementor-element-9423768 e-grid e-con-boxed e-con e-parent\" data-id=\"9423768\" data-element_type=\"container\" data-e-type=\"container\" data-settings=\"{&quot;background_background&quot;:&quot;classic&quot;}\">\n\t\t\t\t\t<div class=\"e-con-inner\">\n\t\t\t\t<div class=\"elementor-element elementor-element-238ce64 elementor-widget elementor-widget-image\" data-id=\"238ce64\" data-element_type=\"widget\" data-e-type=\"widget\" data-widget_type=\"image.default\">\n\t\t\t\t<div class=\"elementor-widget-container\">\n\t\t\t\t\t\t\t\t\t\t\t\t\t\t\t<img fetchpriority=\"high\" decoding=\"async\" width=\"768\" height=\"984\" src=\"https:\/\/mexikoresor.se\/wp-content\/uploads\/2026\/01\/SamuelMayra-AboutUs-Celestun-tips-to-visit-mexico-768x984.jpg\" class=\"attachment-medium_large size-medium_large wp-image-3082\" alt=\"Samuel and Mayra \u2013 Swedish\u2013Mexican travel creators behind Mexikoresor\" srcset=\"https:\/\/mexikoresor.se\/wp-content\/uploads\/2026\/01\/SamuelMayra-AboutUs-Celestun-tips-to-visit-mexico-768x984.jpg 768w, https:\/\/mexikoresor.se\/wp-content\/uploads\/2026\/01\/SamuelMayra-AboutUs-Celestun-tips-to-visit-mexico-234x300.jpg 234w, https:\/\/mexikoresor.se\/wp-content\/uploads\/2026\/01\/SamuelMayra-AboutUs-Celestun-tips-to-visit-mexico-800x1024.jpg 800w, https:\/\/mexikoresor.se\/wp-content\/uploads\/2026\/01\/SamuelMayra-AboutUs-Celestun-tips-to-visit-mexico-1199x1536.jpg 1199w, https:\/\/mexikoresor.se\/wp-content\/uploads\/2026\/01\/SamuelMayra-AboutUs-Celestun-tips-to-visit-mexico-1599x2048.jpg 1599w, https:\/\/mexikoresor.se\/wp-content\/uploads\/2026\/01\/SamuelMayra-AboutUs-Celestun-tips-to-visit-mexico-9x12.jpg 9w, https:\/\/mexikoresor.se\/wp-content\/uploads\/2026\/01\/SamuelMayra-AboutUs-Celestun-tips-to-visit-mexico.jpg 1999w\" sizes=\"(max-width: 768px) 100vw, 768px\" \/>\t\t\t\t\t\t\t\t\t\t\t\t\t\t\t<\/div>\n\t\t\t\t<\/div>\n\t\t\t\t<div class=\"elementor-element elementor-element-3e91eae elementor-widget elementor-widget-text-editor\" data-id=\"3e91eae\" data-element_type=\"widget\" data-e-type=\"widget\" data-widget_type=\"text-editor.default\">\n\t\t\t\t<div class=\"elementor-widget-container\">\n\t\t\t\t\t\t\t\t\t<p><span style=\"font-weight: 400;\">Hej!<\/span><\/p><p><span style=\"font-weight: 400;\">Samuel och Mayra h\u00e4r \ud83d\udc4b ett svensk-mexikanskt par med en stor passion f\u00f6r resor och en djup k\u00e4rlek till Mexiko.<\/span><\/p><p><span style=\"font-weight: 400;\">V\u00e5r gemensamma koppling till Mexikos kultur, natur och m\u00e4nniskornas v\u00e4rme inspirerade oss att skapa en plats d\u00e4r resen\u00e4rer kan k\u00e4nna sig guidade och trygga n\u00e4r de uppt\u00e4cker landets verkliga sida.<\/span><\/p>\t\t\t\t\t\t\t\t<\/div>\n\t\t\t\t<\/div>\n\t\t\t\t\t<\/div>\n\t\t\t\t<\/div>\n\t\t<div class=\"elementor-element elementor-element-3dd2abb e-grid e-con-boxed e-con e-parent\" data-id=\"3dd2abb\" data-element_type=\"container\" data-e-type=\"container\">\n\t\t\t\t\t<div class=\"e-con-inner\">\n\t\t\t\t<div class=\"elementor-element elementor-element-571d2bd elementor-widget elementor-widget-image\" data-id=\"571d2bd\" data-element_type=\"widget\" data-e-type=\"widget\" data-widget_type=\"image.default\">\n\t\t\t\t<div class=\"elementor-widget-container\">\n\t\t\t\t\t\t\t\t\t\t\t\t\t\t\t<img decoding=\"async\" width=\"1024\" height=\"937\" src=\"https:\/\/mexikoresor.se\/wp-content\/uploads\/2026\/01\/SamuelMayra-AboutUs-EkBalam-tips-to-visit-mexico-1024x937.jpg\" class=\"attachment-large size-large wp-image-3083\" alt=\"Samuel and Mayra visiting the Ek Balam Maya ruins in Yucat\u00e1n, Mexico\" srcset=\"https:\/\/mexikoresor.se\/wp-content\/uploads\/2026\/01\/SamuelMayra-AboutUs-EkBalam-tips-to-visit-mexico-1024x937.jpg 1024w, https:\/\/mexikoresor.se\/wp-content\/uploads\/2026\/01\/SamuelMayra-AboutUs-EkBalam-tips-to-visit-mexico-300x275.jpg 300w, https:\/\/mexikoresor.se\/wp-content\/uploads\/2026\/01\/SamuelMayra-AboutUs-EkBalam-tips-to-visit-mexico-768x703.jpg 768w, https:\/\/mexikoresor.se\/wp-content\/uploads\/2026\/01\/SamuelMayra-AboutUs-EkBalam-tips-to-visit-mexico-1536x1406.jpg 1536w, https:\/\/mexikoresor.se\/wp-content\/uploads\/2026\/01\/SamuelMayra-AboutUs-EkBalam-tips-to-visit-mexico-2048x1874.jpg 2048w, https:\/\/mexikoresor.se\/wp-content\/uploads\/2026\/01\/SamuelMayra-AboutUs-EkBalam-tips-to-visit-mexico-13x12.jpg 13w\" sizes=\"(max-width: 1024px) 100vw, 1024px\" \/>\t\t\t\t\t\t\t\t\t\t\t\t\t\t\t<\/div>\n\t\t\t\t<\/div>\n\t\t\t\t<div class=\"elementor-element elementor-element-d27816b elementor-widget elementor-widget-text-editor\" data-id=\"d27816b\" data-element_type=\"widget\" data-e-type=\"widget\" data-widget_type=\"text-editor.default\">\n\t\t\t\t<div class=\"elementor-widget-container\">\n\t\t\t\t\t\t\t\t\t<p style=\"text-align: center;\"><span style=\"font-weight: 400;\">Med Samuels internationella bakgrund som utbildad reseagent och Mayras lokala kunskap och kulturella f\u00f6rst\u00e5else delar vi tips som hj\u00e4lper dig att uppleva Mexiko bortom de typiska turiststr\u00e5ken.<\/span><\/p><p style=\"text-align: center;\"><span style=\"font-weight: 400;\">V\u00e5rt m\u00e5l \u00e4r att, genom denna blogg och v\u00e5ra sociala medier, visa hur du kan njuta av autentiska lokala upplevelser, st\u00f6tta lokala f\u00f6retag och k\u00e4nna dig trygg och v\u00e4linformerad n\u00e4r du best\u00e4mmer vad du vill se och vart du vill \u00e5ka \u2013 s\u00e4rskilt p\u00e5 Yucat\u00e1nhalv\u00f6n.<\/span><\/p><p style=\"text-align: center;\"><span style=\"font-weight: 400;\">S\u00e5 om du planerar en resa eller bara dr\u00f6mmer om ditt n\u00e4sta \u00e4ventyr i Mexiko, h\u00f6r g\u00e4rna av dig och ber\u00e4tta om dina planer. Vi ser fram emot att h\u00f6ra fr\u00e5n dig!<\/span><\/p>\t\t\t\t\t\t\t\t<\/div>\n\t\t\t\t<\/div>\n\t\t\t\t\t<\/div>\n\t\t\t\t<\/div>\n\t\t<div class=\"elementor-element elementor-element-28a84f1 e-flex e-con-boxed e-con e-parent\" data-id=\"28a84f1\" data-element_type=\"container\" data-e-type=\"container\">\n\t\t\t\t\t<div class=\"e-con-inner\">\n\t\t\t\t<div class=\"elementor-element elementor-element-aff8a66 elementor-widget elementor-widget-heading\" data-id=\"aff8a66\" data-element_type=\"widget\" data-e-type=\"widget\" data-widget_type=\"heading.default\">\n\t\t\t\t<div class=\"elementor-widget-container\">\n\t\t\t\t\t<h1 class=\"elementor-heading-title elementor-size-default\">Kontakta oss h\u00e4r:<\/h1>\t\t\t\t<\/div>\n\t\t\t\t<\/div>\n\t\t\t\t<div class=\"elementor-element elementor-element-fa08c6f elementor-widget elementor-widget-icon-box\" data-id=\"fa08c6f\" data-element_type=\"widget\" data-e-type=\"widget\" data-widget_type=\"icon-box.default\">\n\t\t\t\t<div class=\"elementor-widget-container\">\n\t\t\t\t\t\t\t<div class=\"elementor-icon-box-wrapper\">\n\n\t\t\t\n\t\t\t\t\t\t<div class=\"elementor-icon-box-content\">\n\n\t\t\t\t\t\t\t\t\t<h2 class=\"elementor-icon-box-title\">\n\t\t\t\t\t\t<span  >\n\t\t\t\t\t\t\tEMAIL\t\t\t\t\t\t<\/span>\n\t\t\t\t\t<\/h2>\n\t\t\t\t\n\t\t\t\t\t\t\t\t\t<p class=\"elementor-icon-box-description\">\n\t\t\t\t\t\tsamuel@mexikoresor.se\t\t\t\t\t<\/p>\n\t\t\t\t\n\t\t\t<\/div>\n\t\t\t\n\t\t<\/div>\n\t\t\t\t\t\t<\/div>\n\t\t\t\t<\/div>\n\t\t\t\t<div class=\"elementor-element elementor-element-87f845a elementor-shape-circle e-grid-align-mobile-center elementor-grid-0 e-grid-align-center elementor-widget elementor-widget-social-icons\" data-id=\"87f845a\" data-element_type=\"widget\" data-e-type=\"widget\" data-widget_type=\"social-icons.default\">\n\t\t\t\t<div class=\"elementor-widget-container\">\n\t\t\t\t\t\t\t<div class=\"elementor-social-icons-wrapper elementor-grid\" role=\"list\">\n\t\t\t\t\t\t\t<span class=\"elementor-grid-item\" role=\"listitem\">\n\t\t\t\t\t<a class=\"elementor-icon elementor-social-icon elementor-social-icon-instagram elementor-animation-shrink elementor-repeater-item-67346b3\" href=\"https:\/\/www.instagram.com\/mexikoresor\/\" target=\"_blank\">\n\t\t\t\t\t\t<span class=\"elementor-screen-only\">Instagram<\/span>\n\t\t\t\t\t\t<svg aria-hidden=\"true\" class=\"e-font-icon-svg e-fab-instagram\" viewbox=\"0 0 448 512\" xmlns=\"http:\/\/www.w3.org\/2000\/svg\"><path d=\"M224.1 141c-63.6 0-114.9 51.3-114.9 114.9s51.3 114.9 114.9 114.9S339 319.5 339 255.9 287.7 141 224.1 141zm0 189.6c-41.1 0-74.7-33.5-74.7-74.7s33.5-74.7 74.7-74.7 74.7 33.5 74.7 74.7-33.6 74.7-74.7 74.7zm146.4-194.3c0 14.9-12 26.8-26.8 26.8-14.9 0-26.8-12-26.8-26.8s12-26.8 26.8-26.8 26.8 12 26.8 26.8zm76.1 27.2c-1.7-35.9-9.9-67.7-36.2-93.9-26.2-26.2-58-34.4-93.9-36.2-37-2.1-147.9-2.1-184.9 0-35.8 1.7-67.6 9.9-93.9 36.1s-34.4 58-36.2 93.9c-2.1 37-2.1 147.9 0 184.9 1.7 35.9 9.9 67.7 36.2 93.9s58 34.4 93.9 36.2c37 2.1 147.9 2.1 184.9 0 35.9-1.7 67.7-9.9 93.9-36.2 26.2-26.2 34.4-58 36.2-93.9 2.1-37 2.1-147.8 0-184.8zM398.8 388c-7.8 19.6-22.9 34.7-42.6 42.6-29.5 11.7-99.5 9-132.1 9s-102.7 2.6-132.1-9c-19.6-7.8-34.7-22.9-42.6-42.6-11.7-29.5-9-99.5-9-132.1s-2.6-102.7 9-132.1c7.8-19.6 22.9-34.7 42.6-42.6 29.5-11.7 99.5-9 132.1-9s102.7-2.6 132.1 9c19.6 7.8 34.7 22.9 42.6 42.6 11.7 29.5 9 99.5 9 132.1s2.7 102.7-9 132.1z\"><\/path><\/svg>\t\t\t\t\t<\/a>\n\t\t\t\t<\/span>\n\t\t\t\t\t\t\t<span class=\"elementor-grid-item\" role=\"listitem\">\n\t\t\t\t\t<a class=\"elementor-icon elementor-social-icon elementor-social-icon-youtube elementor-animation-shrink elementor-repeater-item-1e1c559\" href=\"https:\/\/youtube.com\/@mexikoresor?si=SD03pXRTiEarxyV0\" target=\"_blank\">\n\t\t\t\t\t\t<span class=\"elementor-screen-only\">Youtube<\/span>\n\t\t\t\t\t\t<svg aria-hidden=\"true\" class=\"e-font-icon-svg e-fab-youtube\" viewbox=\"0 0 576 512\" xmlns=\"http:\/\/www.w3.org\/2000\/svg\"><path d=\"M549.655 124.083c-6.281-23.65-24.787-42.276-48.284-48.597C458.781 64 288 64 288 64S117.22 64 74.629 75.486c-23.497 6.322-42.003 24.947-48.284 48.597-11.412 42.867-11.412 132.305-11.412 132.305s0 89.438 11.412 132.305c6.281 23.65 24.787 41.5 48.284 47.821C117.22 448 288 448 288 448s170.78 0 213.371-11.486c23.497-6.321 42.003-24.171 48.284-47.821 11.412-42.867 11.412-132.305 11.412-132.305s0-89.438-11.412-132.305zm-317.51 213.508V175.185l142.739 81.205-142.739 81.201z\"><\/path><\/svg>\t\t\t\t\t<\/a>\n\t\t\t\t<\/span>\n\t\t\t\t\t\t\t<span class=\"elementor-grid-item\" role=\"listitem\">\n\t\t\t\t\t<a class=\"elementor-icon elementor-social-icon elementor-social-icon-tiktok elementor-animation-shrink elementor-repeater-item-d96878a\" href=\"https:\/\/www.tiktok.com\/@mexikoresor\" target=\"_blank\">\n\t\t\t\t\t\t<span class=\"elementor-screen-only\">Tiktok<\/span>\n\t\t\t\t\t\t<svg aria-hidden=\"true\" class=\"e-font-icon-svg e-fab-tiktok\" viewbox=\"0 0 448 512\" xmlns=\"http:\/\/www.w3.org\/2000\/svg\"><path d=\"M448,209.91a210.06,210.06,0,0,1-122.77-39.25V349.38A162.55,162.55,0,1,1,185,188.31V278.2a74.62,74.62,0,1,0,52.23,71.18V0l88,0a121.18,121.18,0,0,0,1.86,22.17h0A122.18,122.18,0,0,0,381,102.39a121.43,121.43,0,0,0,67,20.14Z\"><\/path><\/svg>\t\t\t\t\t<\/a>\n\t\t\t\t<\/span>\n\t\t\t\t\t<\/div>\n\t\t\t\t\t\t<\/div>\n\t\t\t\t<\/div>\n\t\t\t\t\t<\/div>\n\t\t\t\t<\/div>\n\t\t\t\t<\/div>","protected":false},"excerpt":{"rendered":"<p>ABOUT US Hello there! Samuel and Mayra here \ud83d\udc4b a Swedish-Mexican couple passionate about travel and deeply in love with Mexico. Our shared connection with Mexico\u2019s culture, nature, and the warmth of its people inspired us to create a space where travelers can feel guided and safe while discovering the real side of the country. [&hellip;]<\/p>\n","protected":false},"author":1,"featured_media":0,"parent":0,"menu_order":0,"comment_status":"closed","ping_status":"closed","template":"","meta":{"_monsterinsights_skip_tracking":false,"_monsterinsights_sitenote_active":false,"_monsterinsights_sitenote_note":"","_monsterinsights_sitenote_category":0,"site-sidebar-layout":"no-sidebar","site-content-layout":"page-builder","ast-site-content-layout":"full-width-container","site-content-style":"unboxed","site-sidebar-style":"unboxed","ast-global-header-display":"","ast-banner-title-visibility":"","ast-main-header-display":"","ast-hfb-above-header-display":"","ast-hfb-below-header-display":"","ast-hfb-mobile-header-display":"","site-post-title":"disabled","ast-breadcrumbs-content":"","ast-featured-img":"disabled","footer-sml-layout":"","theme-transparent-header-meta":"enabled","adv-header-id-meta":"","stick-header-meta":"","header-above-stick-meta":"","header-main-stick-meta":"","header-below-stick-meta":"","astra-migrate-meta-layouts":"set","ast-page-background-enabled":"default","ast-page-background-meta":{"desktop":{"background-color":"var(--ast-global-color-4)","background-image":"","background-repeat":"repeat","background-position":"center center","background-size":"auto","background-attachment":"scroll","background-type":"","background-media":"","overlay-type":"","overlay-color":"","overlay-opacity":"","overlay-gradient":""},"tablet":{"background-color":"","background-image":"","background-repeat":"repeat","background-position":"center center","background-size":"auto","background-attachment":"scroll","background-type":"","background-media":"","overlay-type":"","overlay-color":"","overlay-opacity":"","overlay-gradient":""},"mobile":{"background-color":"","background-image":"","background-repeat":"repeat","background-position":"center center","background-size":"auto","background-attachment":"scroll","background-type":"","background-media":"","overlay-type":"","overlay-color":"","overlay-opacity":"","overlay-gradient":""}},"ast-content-background-meta":{"desktop":{"background-color":"var(--ast-global-color-5)","background-image":"","background-repeat":"repeat","background-position":"center center","background-size":"auto","background-attachment":"scroll","background-type":"","background-media":"","overlay-type":"","overlay-color":"","overlay-opacity":"","overlay-gradient":""},"tablet":{"background-color":"var(--ast-global-color-5)","background-image":"","background-repeat":"repeat","background-position":"center center","background-size":"auto","background-attachment":"scroll","background-type":"","background-media":"","overlay-type":"","overlay-color":"","overlay-opacity":"","overlay-gradient":""},"mobile":{"background-color":"var(--ast-global-color-5)","background-image":"","background-repeat":"repeat","background-position":"center center","background-size":"auto","background-attachment":"scroll","background-type":"","background-media":"","overlay-type":"","overlay-color":"","overlay-opacity":"","overlay-gradient":""}},"footnotes":""},"class_list":["post-2320","page","type-page","status-publish","hentry"],"aioseo_notices":[],"rttpg_featured_image_url":null,"rttpg_author":{"display_name":"mexikoresor","author_link":"https:\/\/mexikoresor.se\/sv\/author\/mexikoresor\/"},"rttpg_comment":0,"rttpg_category":null,"rttpg_excerpt":"ABOUT US Hello there! Samuel and Mayra here \ud83d\udc4b a Swedish-Mexican couple passionate about travel and deeply in love with Mexico. Our shared connection with Mexico\u2019s culture, nature, and the warmth of its people inspired us to create a space where travelers can feel guided and safe while discovering the real side of the country.&hellip;","_links":{"self":[{"href":"https:\/\/mexikoresor.se\/sv\/wp-json\/wp\/v2\/pages\/2320","targetHints":{"allow":["GET"]}}],"collection":[{"href":"https:\/\/mexikoresor.se\/sv\/wp-json\/wp\/v2\/pages"}],"about":[{"href":"https:\/\/mexikoresor.se\/sv\/wp-json\/wp\/v2\/types\/page"}],"author":[{"embeddable":true,"href":"https:\/\/mexikoresor.se\/sv\/wp-json\/wp\/v2\/users\/1"}],"replies":[{"embeddable":true,"href":"https:\/\/mexikoresor.se\/sv\/wp-json\/wp\/v2\/comments?post=2320"}],"version-history":[{"count":99,"href":"https:\/\/mexikoresor.se\/sv\/wp-json\/wp\/v2\/pages\/2320\/revisions"}],"predecessor-version":[{"id":3104,"href":"https:\/\/mexikoresor.se\/sv\/wp-json\/wp\/v2\/pages\/2320\/revisions\/3104"}],"wp:attachment":[{"href":"https:\/\/mexikoresor.se\/sv\/wp-json\/wp\/v2\/media?parent=2320"}],"curies":[{"name":"wp","href":"https:\/\/api.w.org\/{rel}","templated":true}]}}